{"id":46,"date":"2021-04-08T09:55:12","date_gmt":"2021-04-08T07:55:12","guid":{"rendered":"http:\/\/localhost:8888\/lyceejeanmermoz\/?page_id=27"},"modified":"2024-06-27T17:29:48","modified_gmt":"2024-06-27T17:29:48","slug":"entreprises","status":"publish","type":"page","link":"http:\/\/lyc-mermoz-bourges.tice.ac-orleans-tours.fr\/php5\/entreprises\/","title":{"rendered":"Entreprises"},"content":{"rendered":"","protected":false},"excerpt":{"rendered":"","protected":false},"author":1,"featured_media":0,"parent":0,"menu_order":6,"comment_status":"closed","ping_status":"closed","template":"template-builder.php","meta":[],"acf":[],"yoast_head":"<!-- This site is optimized with the Yoast SEO plugin v18.4 - https:\/\/yoast.com\/wordpress\/plugins\/seo\/ -->\n<title>Entreprises - Lyc\u00e9e professionnel des m\u00e9tiers Jean-Mermoz-Bourges<\/title>\n<meta name=\"description\" content=\"Les entreprises du territoire repr\u00e9sentatives de nos sp\u00e9cialit\u00e9s sont naturellement associ\u00e9es \u00e0 la formation et la r\u00e9ussite de nos \u00e9l\u00e8ves.\" \/>\n<meta name=\"robots\" content=\"index, follow, max-snippet:-1, max-image-preview:large, max-video-preview:-1\" \/>\n<link rel=\"canonical\" href=\"http:\/\/lyc-mermoz-bourges.tice.ac-orleans-tours.fr\/php5\/entreprises\/\" \/>\n<meta property=\"og:locale\" content=\"fr_FR\" \/>\n<meta property=\"og:type\" content=\"article\" \/>\n<meta property=\"og:title\" content=\"Entreprises - Lyc\u00e9e professionnel des m\u00e9tiers Jean-Mermoz-Bourges\" \/>\n<meta property=\"og:description\" content=\"Les entreprises du territoire repr\u00e9sentatives de nos sp\u00e9cialit\u00e9s sont naturellement associ\u00e9es \u00e0 la formation et la r\u00e9ussite de nos \u00e9l\u00e8ves.\" \/>\n<meta property=\"og:url\" content=\"http:\/\/lyc-mermoz-bourges.tice.ac-orleans-tours.fr\/php5\/entreprises\/\" \/>\n<meta property=\"og:site_name\" content=\"Lyc\u00e9e professionnel des M\u00e9tiers Jean MERMOZ\" \/>\n<meta property=\"article:publisher\" content=\"https:\/\/www.facebook.com\/LyceeJeanMermozBourges\/\" \/>\n<meta property=\"article:modified_time\" content=\"2024-06-27T17:29:48+00:00\" \/>\n<meta name=\"twitter:card\" content=\"summary_large_image\" \/>\n<script type=\"application\/ld+json\" class=\"yoast-schema-graph\">{\"@context\":\"https:\/\/schema.org\",\"@graph\":[{\"@type\":\"Organization\",\"@id\":\"http:\/\/lyc-mermoz-bourges.tice.ac-orleans-tours.fr\/php5\/#organization\",\"name\":\"Lyc\u00e9e Jean Mermoz\",\"url\":\"http:\/\/lyc-mermoz-bourges.tice.ac-orleans-tours.fr\/php5\/\",\"sameAs\":[\"https:\/\/www.facebook.com\/LyceeJeanMermozBourges\/\"],\"logo\":{\"@type\":\"ImageObject\",\"@id\":\"http:\/\/lyc-mermoz-bourges.tice.ac-orleans-tours.fr\/php5\/#logo\",\"inLanguage\":\"fr-FR\",\"url\":\"http:\/\/lyc-mermoz-bourges.tice.ac-orleans-tours.fr\/php5\/wp-content\/uploads\/2021\/05\/lycee-jean-mermoz.jpg\",\"contentUrl\":\"http:\/\/lyc-mermoz-bourges.tice.ac-orleans-tours.fr\/php5\/wp-content\/uploads\/2021\/05\/lycee-jean-mermoz.jpg\",\"width\":200,\"height\":153,\"caption\":\"Lyc\u00e9e Jean Mermoz\"},\"image\":{\"@id\":\"http:\/\/lyc-mermoz-bourges.tice.ac-orleans-tours.fr\/php5\/#logo\"}},{\"@type\":\"WebSite\",\"@id\":\"http:\/\/lyc-mermoz-bourges.tice.ac-orleans-tours.fr\/php5\/#website\",\"url\":\"http:\/\/lyc-mermoz-bourges.tice.ac-orleans-tours.fr\/php5\/\",\"name\":\"Lyc\u00e9e professionnel des M\u00e9tiers Jean MERMOZ\",\"description\":\"Lyc\u00e9e des M\u00e9tiers de l\u2019industrie, du tertiaire et de l\u2019aide \u00e0 la personne\",\"publisher\":{\"@id\":\"http:\/\/lyc-mermoz-bourges.tice.ac-orleans-tours.fr\/php5\/#organization\"},\"potentialAction\":[{\"@type\":\"SearchAction\",\"target\":{\"@type\":\"EntryPoint\",\"urlTemplate\":\"http:\/\/lyc-mermoz-bourges.tice.ac-orleans-tours.fr\/php5\/?s={search_term_string}\"},\"query-input\":\"required name=search_term_string\"}],\"inLanguage\":\"fr-FR\"},{\"@type\":\"WebPage\",\"@id\":\"http:\/\/lyc-mermoz-bourges.tice.ac-orleans-tours.fr\/php5\/entreprises\/#webpage\",\"url\":\"http:\/\/lyc-mermoz-bourges.tice.ac-orleans-tours.fr\/php5\/entreprises\/\",\"name\":\"Entreprises - Lyc\u00e9e professionnel des m\u00e9tiers Jean-Mermoz-Bourges\",\"isPartOf\":{\"@id\":\"http:\/\/lyc-mermoz-bourges.tice.ac-orleans-tours.fr\/php5\/#website\"},\"datePublished\":\"2021-04-08T07:55:12+00:00\",\"dateModified\":\"2024-06-27T17:29:48+00:00\",\"description\":\"Les entreprises du territoire repr\u00e9sentatives de nos sp\u00e9cialit\u00e9s sont naturellement associ\u00e9es \u00e0 la formation et la r\u00e9ussite de nos \u00e9l\u00e8ves.\",\"breadcrumb\":{\"@id\":\"http:\/\/lyc-mermoz-bourges.tice.ac-orleans-tours.fr\/php5\/entreprises\/#breadcrumb\"},\"inLanguage\":\"fr-FR\",\"potentialAction\":[{\"@type\":\"ReadAction\",\"target\":[\"http:\/\/lyc-mermoz-bourges.tice.ac-orleans-tours.fr\/php5\/entreprises\/\"]}]},{\"@type\":\"BreadcrumbList\",\"@id\":\"http:\/\/lyc-mermoz-bourges.tice.ac-orleans-tours.fr\/php5\/entreprises\/#breadcrumb\",\"itemListElement\":[{\"@type\":\"ListItem\",\"position\":1,\"name\":\"Accueil\",\"item\":\"http:\/\/lyc-mermoz-bourges.tice.ac-orleans-tours.fr\/php5\/\"},{\"@type\":\"ListItem\",\"position\":2,\"name\":\"Entreprises\"}]}]}<\/script>\n<!-- \/ Yoast SEO plugin. -->","yoast_head_json":{"title":"Entreprises - Lyc\u00e9e professionnel des m\u00e9tiers Jean-Mermoz-Bourges","description":"Les entreprises du territoire repr\u00e9sentatives de nos sp\u00e9cialit\u00e9s sont naturellement associ\u00e9es \u00e0 la formation et la r\u00e9ussite de nos \u00e9l\u00e8ves.","robots":{"index":"index","follow":"follow","max-snippet":"max-snippet:-1","max-image-preview":"max-image-preview:large","max-video-preview":"max-video-preview:-1"},"canonical":"http:\/\/lyc-mermoz-bourges.tice.ac-orleans-tours.fr\/php5\/entreprises\/","og_locale":"fr_FR","og_type":"article","og_title":"Entreprises - Lyc\u00e9e professionnel des m\u00e9tiers Jean-Mermoz-Bourges","og_description":"Les entreprises du territoire repr\u00e9sentatives de nos sp\u00e9cialit\u00e9s sont naturellement associ\u00e9es \u00e0 la formation et la r\u00e9ussite de nos \u00e9l\u00e8ves.","og_url":"http:\/\/lyc-mermoz-bourges.tice.ac-orleans-tours.fr\/php5\/entreprises\/","og_site_name":"Lyc\u00e9e professionnel des M\u00e9tiers Jean MERMOZ","article_publisher":"https:\/\/www.facebook.com\/LyceeJeanMermozBourges\/","article_modified_time":"2024-06-27T17:29:48+00:00","twitter_card":"summary_large_image","schema":{"@context":"https:\/\/schema.org","@graph":[{"@type":"Organization","@id":"http:\/\/lyc-mermoz-bourges.tice.ac-orleans-tours.fr\/php5\/#organization","name":"Lyc\u00e9e Jean Mermoz","url":"http:\/\/lyc-mermoz-bourges.tice.ac-orleans-tours.fr\/php5\/","sameAs":["https:\/\/www.facebook.com\/LyceeJeanMermozBourges\/"],"logo":{"@type":"ImageObject","@id":"http:\/\/lyc-mermoz-bourges.tice.ac-orleans-tours.fr\/php5\/#logo","inLanguage":"fr-FR","url":"http:\/\/lyc-mermoz-bourges.tice.ac-orleans-tours.fr\/php5\/wp-content\/uploads\/2021\/05\/lycee-jean-mermoz.jpg","contentUrl":"http:\/\/lyc-mermoz-bourges.tice.ac-orleans-tours.fr\/php5\/wp-content\/uploads\/2021\/05\/lycee-jean-mermoz.jpg","width":200,"height":153,"caption":"Lyc\u00e9e Jean Mermoz"},"image":{"@id":"http:\/\/lyc-mermoz-bourges.tice.ac-orleans-tours.fr\/php5\/#logo"}},{"@type":"WebSite","@id":"http:\/\/lyc-mermoz-bourges.tice.ac-orleans-tours.fr\/php5\/#website","url":"http:\/\/lyc-mermoz-bourges.tice.ac-orleans-tours.fr\/php5\/","name":"Lyc\u00e9e professionnel des M\u00e9tiers Jean MERMOZ","description":"Lyc\u00e9e des M\u00e9tiers de l\u2019industrie, du tertiaire et de l\u2019aide \u00e0 la personne","publisher":{"@id":"http:\/\/lyc-mermoz-bourges.tice.ac-orleans-tours.fr\/php5\/#organization"},"potentialAction":[{"@type":"SearchAction","target":{"@type":"EntryPoint","urlTemplate":"http:\/\/lyc-mermoz-bourges.tice.ac-orleans-tours.fr\/php5\/?s={search_term_string}"},"query-input":"required name=search_term_string"}],"inLanguage":"fr-FR"},{"@type":"WebPage","@id":"http:\/\/lyc-mermoz-bourges.tice.ac-orleans-tours.fr\/php5\/entreprises\/#webpage","url":"http:\/\/lyc-mermoz-bourges.tice.ac-orleans-tours.fr\/php5\/entreprises\/","name":"Entreprises - Lyc\u00e9e professionnel des m\u00e9tiers Jean-Mermoz-Bourges","isPartOf":{"@id":"http:\/\/lyc-mermoz-bourges.tice.ac-orleans-tours.fr\/php5\/#website"},"datePublished":"2021-04-08T07:55:12+00:00","dateModified":"2024-06-27T17:29:48+00:00","description":"Les entreprises du territoire repr\u00e9sentatives de nos sp\u00e9cialit\u00e9s sont naturellement associ\u00e9es \u00e0 la formation et la r\u00e9ussite de nos \u00e9l\u00e8ves.","breadcrumb":{"@id":"http:\/\/lyc-mermoz-bourges.tice.ac-orleans-tours.fr\/php5\/entreprises\/#breadcrumb"},"inLanguage":"fr-FR","potentialAction":[{"@type":"ReadAction","target":["http:\/\/lyc-mermoz-bourges.tice.ac-orleans-tours.fr\/php5\/entreprises\/"]}]},{"@type":"BreadcrumbList","@id":"http:\/\/lyc-mermoz-bourges.tice.ac-orleans-tours.fr\/php5\/entreprises\/#breadcrumb","itemListElement":[{"@type":"ListItem","position":1,"name":"Accueil","item":"http:\/\/lyc-mermoz-bourges.tice.ac-orleans-tours.fr\/php5\/"},{"@type":"ListItem","position":2,"name":"Entreprises"}]}]}},"_links":{"self":[{"href":"http:\/\/lyc-mermoz-bourges.tice.ac-orleans-tours.fr\/php5\/wp-json\/wp\/v2\/pages\/46"}],"collection":[{"href":"http:\/\/lyc-mermoz-bourges.tice.ac-orleans-tours.fr\/php5\/wp-json\/wp\/v2\/pages"}],"about":[{"href":"http:\/\/lyc-mermoz-bourges.tice.ac-orleans-tours.fr\/php5\/wp-json\/wp\/v2\/types\/page"}],"author":[{"embeddable":true,"href":"http:\/\/lyc-mermoz-bourges.tice.ac-orleans-tours.fr\/php5\/wp-json\/wp\/v2\/users\/1"}],"replies":[{"embeddable":true,"href":"http:\/\/lyc-mermoz-bourges.tice.ac-orleans-tours.fr\/php5\/wp-json\/wp\/v2\/comments?post=46"}],"version-history":[{"count":1,"href":"http:\/\/lyc-mermoz-bourges.tice.ac-orleans-tours.fr\/php5\/wp-json\/wp\/v2\/pages\/46\/revisions"}],"predecessor-version":[{"id":1470,"href":"http:\/\/lyc-mermoz-bourges.tice.ac-orleans-tours.fr\/php5\/wp-json\/wp\/v2\/pages\/46\/revisions\/1470"}],"wp:attachment":[{"href":"http:\/\/lyc-mermoz-bourges.tice.ac-orleans-tours.fr\/php5\/wp-json\/wp\/v2\/media?parent=46"}],"curies":[{"name":"wp","href":"https:\/\/api.w.org\/{rel}","templated":true}]}}