{"id":550,"date":"2021-10-27T07:40:16","date_gmt":"2021-10-27T07:40:16","guid":{"rendered":"http:\/\/lyc-mermoz-bourges.tice.ac-orleans-tours.fr\/php5\/?page_id=550"},"modified":"2024-09-05T06:16:31","modified_gmt":"2024-09-05T06:16:31","slug":"projet-detablissement","status":"publish","type":"page","link":"http:\/\/lyc-mermoz-bourges.tice.ac-orleans-tours.fr\/php5\/le-lycee\/projet-detablissement\/","title":{"rendered":"Projet d&rsquo;\u00e9tablissement"},"content":{"rendered":"","protected":false},"excerpt":{"rendered":"","protected":false},"author":1,"featured_media":0,"parent":42,"menu_order":0,"comment_status":"closed","ping_status":"closed","template":"template-builder.php","meta":[],"acf":[],"yoast_head":"<!-- This site is optimized with the Yoast SEO plugin v18.4 - https:\/\/yoast.com\/wordpress\/plugins\/seo\/ -->\n<title>Projet d&#039;\u00e9tablissement - Lyc\u00e9e professionnel des m\u00e9tiers Jean-Mermoz-Bourges<\/title>\n<meta name=\"description\" content=\"Le lyc\u00e9e Jean-Mermoz a obtenu le label Lyc\u00e9e des M\u00e9tiers de l\u2019Industrie, du Tertiaire et du Service \u00e0 la Personne \u00bb.\" \/>\n<meta name=\"robots\" content=\"index, follow, max-snippet:-1, max-image-preview:large, max-video-preview:-1\" \/>\n<link rel=\"canonical\" href=\"http:\/\/lyc-mermoz-bourges.tice.ac-orleans-tours.fr\/php5\/le-lycee\/projet-detablissement\/\" \/>\n<meta property=\"og:locale\" content=\"fr_FR\" \/>\n<meta property=\"og:type\" content=\"article\" \/>\n<meta property=\"og:title\" content=\"Projet d&#039;\u00e9tablissement - Lyc\u00e9e professionnel des m\u00e9tiers Jean-Mermoz-Bourges\" \/>\n<meta property=\"og:description\" content=\"Le lyc\u00e9e Jean-Mermoz a obtenu le label Lyc\u00e9e des M\u00e9tiers de l\u2019Industrie, du Tertiaire et du Service \u00e0 la Personne \u00bb.\" \/>\n<meta property=\"og:url\" content=\"http:\/\/lyc-mermoz-bourges.tice.ac-orleans-tours.fr\/php5\/le-lycee\/projet-detablissement\/\" \/>\n<meta property=\"og:site_name\" content=\"Lyc\u00e9e professionnel des M\u00e9tiers Jean MERMOZ\" \/>\n<meta property=\"article:publisher\" content=\"https:\/\/www.facebook.com\/LyceeJeanMermozBourges\/\" \/>\n<meta property=\"article:modified_time\" content=\"2024-09-05T06:16:31+00:00\" \/>\n<meta name=\"twitter:card\" content=\"summary_large_image\" \/>\n<script type=\"application\/ld+json\" class=\"yoast-schema-graph\">{\"@context\":\"https:\/\/schema.org\",\"@graph\":[{\"@type\":\"Organization\",\"@id\":\"http:\/\/lyc-mermoz-bourges.tice.ac-orleans-tours.fr\/php5\/#organization\",\"name\":\"Lyc\u00e9e Jean Mermoz\",\"url\":\"http:\/\/lyc-mermoz-bourges.tice.ac-orleans-tours.fr\/php5\/\",\"sameAs\":[\"https:\/\/www.facebook.com\/LyceeJeanMermozBourges\/\"],\"logo\":{\"@type\":\"ImageObject\",\"@id\":\"http:\/\/lyc-mermoz-bourges.tice.ac-orleans-tours.fr\/php5\/#logo\",\"inLanguage\":\"fr-FR\",\"url\":\"http:\/\/lyc-mermoz-bourges.tice.ac-orleans-tours.fr\/php5\/wp-content\/uploads\/2021\/05\/lycee-jean-mermoz.jpg\",\"contentUrl\":\"http:\/\/lyc-mermoz-bourges.tice.ac-orleans-tours.fr\/php5\/wp-content\/uploads\/2021\/05\/lycee-jean-mermoz.jpg\",\"width\":200,\"height\":153,\"caption\":\"Lyc\u00e9e Jean Mermoz\"},\"image\":{\"@id\":\"http:\/\/lyc-mermoz-bourges.tice.ac-orleans-tours.fr\/php5\/#logo\"}},{\"@type\":\"WebSite\",\"@id\":\"http:\/\/lyc-mermoz-bourges.tice.ac-orleans-tours.fr\/php5\/#website\",\"url\":\"http:\/\/lyc-mermoz-bourges.tice.ac-orleans-tours.fr\/php5\/\",\"name\":\"Lyc\u00e9e professionnel des M\u00e9tiers Jean MERMOZ\",\"description\":\"Lyc\u00e9e des M\u00e9tiers de l\u2019industrie, du tertiaire et de l\u2019aide \u00e0 la personne\",\"publisher\":{\"@id\":\"http:\/\/lyc-mermoz-bourges.tice.ac-orleans-tours.fr\/php5\/#organization\"},\"potentialAction\":[{\"@type\":\"SearchAction\",\"target\":{\"@type\":\"EntryPoint\",\"urlTemplate\":\"http:\/\/lyc-mermoz-bourges.tice.ac-orleans-tours.fr\/php5\/?s={search_term_string}\"},\"query-input\":\"required name=search_term_string\"}],\"inLanguage\":\"fr-FR\"},{\"@type\":\"WebPage\",\"@id\":\"http:\/\/lyc-mermoz-bourges.tice.ac-orleans-tours.fr\/php5\/le-lycee\/projet-detablissement\/#webpage\",\"url\":\"http:\/\/lyc-mermoz-bourges.tice.ac-orleans-tours.fr\/php5\/le-lycee\/projet-detablissement\/\",\"name\":\"Projet d'\u00e9tablissement - Lyc\u00e9e professionnel des m\u00e9tiers Jean-Mermoz-Bourges\",\"isPartOf\":{\"@id\":\"http:\/\/lyc-mermoz-bourges.tice.ac-orleans-tours.fr\/php5\/#website\"},\"datePublished\":\"2021-10-27T07:40:16+00:00\",\"dateModified\":\"2024-09-05T06:16:31+00:00\",\"description\":\"Le lyc\u00e9e Jean-Mermoz a obtenu le label Lyc\u00e9e des M\u00e9tiers de l\u2019Industrie, du Tertiaire et du Service \u00e0 la Personne \u00bb.\",\"breadcrumb\":{\"@id\":\"http:\/\/lyc-mermoz-bourges.tice.ac-orleans-tours.fr\/php5\/le-lycee\/projet-detablissement\/#breadcrumb\"},\"inLanguage\":\"fr-FR\",\"potentialAction\":[{\"@type\":\"ReadAction\",\"target\":[\"http:\/\/lyc-mermoz-bourges.tice.ac-orleans-tours.fr\/php5\/le-lycee\/projet-detablissement\/\"]}]},{\"@type\":\"BreadcrumbList\",\"@id\":\"http:\/\/lyc-mermoz-bourges.tice.ac-orleans-tours.fr\/php5\/le-lycee\/projet-detablissement\/#breadcrumb\",\"itemListElement\":[{\"@type\":\"ListItem\",\"position\":1,\"name\":\"Accueil\",\"item\":\"http:\/\/lyc-mermoz-bourges.tice.ac-orleans-tours.fr\/php5\/\"},{\"@type\":\"ListItem\",\"position\":2,\"name\":\"Le lyc\u00e9e\",\"item\":\"http:\/\/lyc-mermoz-bourges.tice.ac-orleans-tours.fr\/php5\/le-lycee\/\"},{\"@type\":\"ListItem\",\"position\":3,\"name\":\"Projet d&rsquo;\u00e9tablissement\"}]}]}<\/script>\n<!-- \/ Yoast SEO plugin. -->","yoast_head_json":{"title":"Projet d'\u00e9tablissement - Lyc\u00e9e professionnel des m\u00e9tiers Jean-Mermoz-Bourges","description":"Le lyc\u00e9e Jean-Mermoz a obtenu le label Lyc\u00e9e des M\u00e9tiers de l\u2019Industrie, du Tertiaire et du Service \u00e0 la Personne \u00bb.","robots":{"index":"index","follow":"follow","max-snippet":"max-snippet:-1","max-image-preview":"max-image-preview:large","max-video-preview":"max-video-preview:-1"},"canonical":"http:\/\/lyc-mermoz-bourges.tice.ac-orleans-tours.fr\/php5\/le-lycee\/projet-detablissement\/","og_locale":"fr_FR","og_type":"article","og_title":"Projet d'\u00e9tablissement - Lyc\u00e9e professionnel des m\u00e9tiers Jean-Mermoz-Bourges","og_description":"Le lyc\u00e9e Jean-Mermoz a obtenu le label Lyc\u00e9e des M\u00e9tiers de l\u2019Industrie, du Tertiaire et du Service \u00e0 la Personne \u00bb.","og_url":"http:\/\/lyc-mermoz-bourges.tice.ac-orleans-tours.fr\/php5\/le-lycee\/projet-detablissement\/","og_site_name":"Lyc\u00e9e professionnel des M\u00e9tiers Jean MERMOZ","article_publisher":"https:\/\/www.facebook.com\/LyceeJeanMermozBourges\/","article_modified_time":"2024-09-05T06:16:31+00:00","twitter_card":"summary_large_image","schema":{"@context":"https:\/\/schema.org","@graph":[{"@type":"Organization","@id":"http:\/\/lyc-mermoz-bourges.tice.ac-orleans-tours.fr\/php5\/#organization","name":"Lyc\u00e9e Jean Mermoz","url":"http:\/\/lyc-mermoz-bourges.tice.ac-orleans-tours.fr\/php5\/","sameAs":["https:\/\/www.facebook.com\/LyceeJeanMermozBourges\/"],"logo":{"@type":"ImageObject","@id":"http:\/\/lyc-mermoz-bourges.tice.ac-orleans-tours.fr\/php5\/#logo","inLanguage":"fr-FR","url":"http:\/\/lyc-mermoz-bourges.tice.ac-orleans-tours.fr\/php5\/wp-content\/uploads\/2021\/05\/lycee-jean-mermoz.jpg","contentUrl":"http:\/\/lyc-mermoz-bourges.tice.ac-orleans-tours.fr\/php5\/wp-content\/uploads\/2021\/05\/lycee-jean-mermoz.jpg","width":200,"height":153,"caption":"Lyc\u00e9e Jean Mermoz"},"image":{"@id":"http:\/\/lyc-mermoz-bourges.tice.ac-orleans-tours.fr\/php5\/#logo"}},{"@type":"WebSite","@id":"http:\/\/lyc-mermoz-bourges.tice.ac-orleans-tours.fr\/php5\/#website","url":"http:\/\/lyc-mermoz-bourges.tice.ac-orleans-tours.fr\/php5\/","name":"Lyc\u00e9e professionnel des M\u00e9tiers Jean MERMOZ","description":"Lyc\u00e9e des M\u00e9tiers de l\u2019industrie, du tertiaire et de l\u2019aide \u00e0 la personne","publisher":{"@id":"http:\/\/lyc-mermoz-bourges.tice.ac-orleans-tours.fr\/php5\/#organization"},"potentialAction":[{"@type":"SearchAction","target":{"@type":"EntryPoint","urlTemplate":"http:\/\/lyc-mermoz-bourges.tice.ac-orleans-tours.fr\/php5\/?s={search_term_string}"},"query-input":"required name=search_term_string"}],"inLanguage":"fr-FR"},{"@type":"WebPage","@id":"http:\/\/lyc-mermoz-bourges.tice.ac-orleans-tours.fr\/php5\/le-lycee\/projet-detablissement\/#webpage","url":"http:\/\/lyc-mermoz-bourges.tice.ac-orleans-tours.fr\/php5\/le-lycee\/projet-detablissement\/","name":"Projet d'\u00e9tablissement - Lyc\u00e9e professionnel des m\u00e9tiers Jean-Mermoz-Bourges","isPartOf":{"@id":"http:\/\/lyc-mermoz-bourges.tice.ac-orleans-tours.fr\/php5\/#website"},"datePublished":"2021-10-27T07:40:16+00:00","dateModified":"2024-09-05T06:16:31+00:00","description":"Le lyc\u00e9e Jean-Mermoz a obtenu le label Lyc\u00e9e des M\u00e9tiers de l\u2019Industrie, du Tertiaire et du Service \u00e0 la Personne \u00bb.","breadcrumb":{"@id":"http:\/\/lyc-mermoz-bourges.tice.ac-orleans-tours.fr\/php5\/le-lycee\/projet-detablissement\/#breadcrumb"},"inLanguage":"fr-FR","potentialAction":[{"@type":"ReadAction","target":["http:\/\/lyc-mermoz-bourges.tice.ac-orleans-tours.fr\/php5\/le-lycee\/projet-detablissement\/"]}]},{"@type":"BreadcrumbList","@id":"http:\/\/lyc-mermoz-bourges.tice.ac-orleans-tours.fr\/php5\/le-lycee\/projet-detablissement\/#breadcrumb","itemListElement":[{"@type":"ListItem","position":1,"name":"Accueil","item":"http:\/\/lyc-mermoz-bourges.tice.ac-orleans-tours.fr\/php5\/"},{"@type":"ListItem","position":2,"name":"Le lyc\u00e9e","item":"http:\/\/lyc-mermoz-bourges.tice.ac-orleans-tours.fr\/php5\/le-lycee\/"},{"@type":"ListItem","position":3,"name":"Projet d&rsquo;\u00e9tablissement"}]}]}},"_links":{"self":[{"href":"http:\/\/lyc-mermoz-bourges.tice.ac-orleans-tours.fr\/php5\/wp-json\/wp\/v2\/pages\/550"}],"collection":[{"href":"http:\/\/lyc-mermoz-bourges.tice.ac-orleans-tours.fr\/php5\/wp-json\/wp\/v2\/pages"}],"about":[{"href":"http:\/\/lyc-mermoz-bourges.tice.ac-orleans-tours.fr\/php5\/wp-json\/wp\/v2\/types\/page"}],"author":[{"embeddable":true,"href":"http:\/\/lyc-mermoz-bourges.tice.ac-orleans-tours.fr\/php5\/wp-json\/wp\/v2\/users\/1"}],"replies":[{"embeddable":true,"href":"http:\/\/lyc-mermoz-bourges.tice.ac-orleans-tours.fr\/php5\/wp-json\/wp\/v2\/comments?post=550"}],"version-history":[{"count":1,"href":"http:\/\/lyc-mermoz-bourges.tice.ac-orleans-tours.fr\/php5\/wp-json\/wp\/v2\/pages\/550\/revisions"}],"predecessor-version":[{"id":1478,"href":"http:\/\/lyc-mermoz-bourges.tice.ac-orleans-tours.fr\/php5\/wp-json\/wp\/v2\/pages\/550\/revisions\/1478"}],"up":[{"embeddable":true,"href":"http:\/\/lyc-mermoz-bourges.tice.ac-orleans-tours.fr\/php5\/wp-json\/wp\/v2\/pages\/42"}],"wp:attachment":[{"href":"http:\/\/lyc-mermoz-bourges.tice.ac-orleans-tours.fr\/php5\/wp-json\/wp\/v2\/media?parent=550"}],"curies":[{"name":"wp","href":"https:\/\/api.w.org\/{rel}","templated":true}]}}