{"id":865,"date":"2022-02-07T14:34:59","date_gmt":"2022-02-07T14:34:59","guid":{"rendered":"http:\/\/lyc-mermoz-bourges.tice.ac-orleans-tours.fr\/php5\/?page_id=865"},"modified":"2022-11-29T16:15:07","modified_gmt":"2022-11-29T16:15:07","slug":"plan-du-site","status":"publish","type":"page","link":"http:\/\/lyc-mermoz-bourges.tice.ac-orleans-tours.fr\/php5\/plan-du-site\/","title":{"rendered":"Plan du site"},"content":{"rendered":"<div class=\"wsp-container\"><h2 class=\"wsp-pages-title\">Pages<\/h2>\n<ul class=\"wsp-pages-list\">\n<li class=\"page_item page-item-1307\"><a href=\"http:\/\/lyc-mermoz-bourges.tice.ac-orleans-tours.fr\/php5\/mentions-legales\/\">Mentions l\u00e9gales<\/a><\/li>\n<li class=\"page_item page-item-1308\"><a href=\"http:\/\/lyc-mermoz-bourges.tice.ac-orleans-tours.fr\/php5\/politique-de-confidentialite\/\">Politique de confidentialit\u00e9<\/a><\/li>\n<li class=\"page_item page-item-1378\"><a href=\"http:\/\/lyc-mermoz-bourges.tice.ac-orleans-tours.fr\/php5\/politique-de-cookies\/\">Politique de cookies<\/a><\/li>\n<li class=\"page_item page-item-35\"><a href=\"http:\/\/lyc-mermoz-bourges.tice.ac-orleans-tours.fr\/php5\/\">Lyc\u00e9e Jean Mermoz<\/a><\/li>\n<li class=\"page_item page-item-42 page_item_has_children\"><a href=\"http:\/\/lyc-mermoz-bourges.tice.ac-orleans-tours.fr\/php5\/le-lycee\/\">Le lyc\u00e9e<\/a>\n<ul class='children'>\n\t<li class=\"page_item page-item-498\"><a href=\"http:\/\/lyc-mermoz-bourges.tice.ac-orleans-tours.fr\/php5\/le-lycee\/histoire\/\">Histoire<\/a><\/li>\n\t<li class=\"page_item page-item-542\"><a href=\"http:\/\/lyc-mermoz-bourges.tice.ac-orleans-tours.fr\/php5\/le-lycee\/instances\/\">Instances<\/a><\/li>\n\t<li class=\"page_item page-item-497\"><a href=\"http:\/\/lyc-mermoz-bourges.tice.ac-orleans-tours.fr\/php5\/le-lycee\/le-mot-du-proviseur\/\">Le mot du proviseur<\/a><\/li>\n\t<li class=\"page_item page-item-506\"><a href=\"http:\/\/lyc-mermoz-bourges.tice.ac-orleans-tours.fr\/php5\/le-lycee\/organigramme\/\">Organigramme<\/a><\/li>\n\t<li class=\"page_item page-item-550\"><a href=\"http:\/\/lyc-mermoz-bourges.tice.ac-orleans-tours.fr\/php5\/le-lycee\/projet-detablissement\/\">Projet d&rsquo;\u00e9tablissement<\/a><\/li>\n<\/ul>\n<\/li>\n<li class=\"page_item page-item-45 page_item_has_children\"><a href=\"http:\/\/lyc-mermoz-bourges.tice.ac-orleans-tours.fr\/php5\/parcours-et-formations\/\">Parcours et formations<\/a>\n<ul class='children'>\n\t<li class=\"page_item page-item-1012 page_item_has_children\"><a href=\"http:\/\/lyc-mermoz-bourges.tice.ac-orleans-tours.fr\/php5\/parcours-et-formations\/aide-a-la-personne\/\">Aide \u00e0 la personne<\/a>\n\t<ul class='children'>\n\t\t<li class=\"page_item page-item-965\"><a href=\"http:\/\/lyc-mermoz-bourges.tice.ac-orleans-tours.fr\/php5\/parcours-et-formations\/aide-a-la-personne\/aide-a-la-personne-bac-pro-assp\/\">Aide \u00e0 la personne &#8211; Bac Pro ASSP<\/a><\/li>\n\t<\/ul>\n<\/li>\n\t<li class=\"page_item page-item-982\"><a href=\"http:\/\/lyc-mermoz-bourges.tice.ac-orleans-tours.fr\/php5\/parcours-et-formations\/stages\/\">P\u00e9riode de Formation en Milieu Professionnel (PFMP)<\/a><\/li>\n\t<li class=\"page_item page-item-63 page_item_has_children\"><a href=\"http:\/\/lyc-mermoz-bourges.tice.ac-orleans-tours.fr\/php5\/parcours-et-formations\/pole-industriel\/\">P\u00f4le Industriel<\/a>\n\t<ul class='children'>\n\t\t<li class=\"page_item page-item-800\"><a href=\"http:\/\/lyc-mermoz-bourges.tice.ac-orleans-tours.fr\/php5\/parcours-et-formations\/pole-industriel\/bac-pro-construction-des-carrosseries\/\">Bac Pro Construction des Carrosseries (CC)<\/a><\/li>\n\t\t<li class=\"page_item page-item-797\"><a href=\"http:\/\/lyc-mermoz-bourges.tice.ac-orleans-tours.fr\/php5\/parcours-et-formations\/pole-industriel\/bac-pro-technicien-en-chaudronnerie-industrielle-tci\/\">BAC Pro Technicien en Chaudronnerie Industrielle (TCI)<\/a><\/li>\n\t<\/ul>\n<\/li>\n\t<li class=\"page_item page-item-62 page_item_has_children\"><a href=\"http:\/\/lyc-mermoz-bourges.tice.ac-orleans-tours.fr\/php5\/parcours-et-formations\/pole-tertiaire\/\">P\u00f4le tertiaire<\/a>\n\t<ul class='children'>\n\t\t<li class=\"page_item page-item-770\"><a href=\"http:\/\/lyc-mermoz-bourges.tice.ac-orleans-tours.fr\/php5\/parcours-et-formations\/pole-tertiaire\/bac-pro-agora-ex-bac-pro-gestion-administration\/\">Bac Pro AGOrA (ex Bac Pro Gestion-Administration)<\/a><\/li>\n\t\t<li class=\"page_item page-item-776\"><a href=\"http:\/\/lyc-mermoz-bourges.tice.ac-orleans-tours.fr\/php5\/parcours-et-formations\/pole-tertiaire\/bac-pro-logistique\/\">Bac Pro Logistique<\/a><\/li>\n\t\t<li class=\"page_item page-item-1452\"><a href=\"http:\/\/lyc-mermoz-bourges.tice.ac-orleans-tours.fr\/php5\/parcours-et-formations\/pole-tertiaire\/bts-gtla-gestion-des-transports-et-de-la-logistique-associee\/\">BTS GTLA &#8211; Gestion des Transports et de la Logistique Associ\u00e9e<\/a><\/li>\n\t\t<li class=\"page_item page-item-781\"><a href=\"http:\/\/lyc-mermoz-bourges.tice.ac-orleans-tours.fr\/php5\/parcours-et-formations\/pole-tertiaire\/cap-operateur-logistique\/\">CAP Op\u00e9rateur logistique<\/a><\/li>\n\t<\/ul>\n<\/li>\n\t<li class=\"page_item page-item-64 page_item_has_children\"><a href=\"http:\/\/lyc-mermoz-bourges.tice.ac-orleans-tours.fr\/php5\/parcours-et-formations\/prepa-metiers\/\">Pr\u00e9pa m\u00e9tiers<\/a>\n\t<ul class='children'>\n\t\t<li class=\"page_item page-item-793\"><a href=\"http:\/\/lyc-mermoz-bourges.tice.ac-orleans-tours.fr\/php5\/parcours-et-formations\/prepa-metiers\/3e-prepa-metiers\/\">3e PREPA-METIERS<\/a><\/li>\n\t<\/ul>\n<\/li>\n<\/ul>\n<\/li>\n<li class=\"page_item page-item-43 current_page_parent\"><a href=\"http:\/\/lyc-mermoz-bourges.tice.ac-orleans-tours.fr\/php5\/actualites\/\">Actualit\u00e9s<\/a><\/li>\n<li class=\"page_item page-item-44\"><a href=\"http:\/\/lyc-mermoz-bourges.tice.ac-orleans-tours.fr\/php5\/informations-pratiques\/\">Informations pratiques<\/a><\/li>\n<li class=\"page_item page-item-46\"><a href=\"http:\/\/lyc-mermoz-bourges.tice.ac-orleans-tours.fr\/php5\/entreprises\/\">Entreprises<\/a><\/li>\n<li class=\"page_item page-item-36\"><a href=\"http:\/\/lyc-mermoz-bourges.tice.ac-orleans-tours.fr\/php5\/contact\/\">Contact<\/a><\/li>\n<li class=\"page_item page-item-1005 page_item_has_children\"><a href=\"http:\/\/lyc-mermoz-bourges.tice.ac-orleans-tours.fr\/php5\/vie-au-lycee\/\">Vie au lyc\u00e9e<\/a>\n<ul class='children'>\n\t<li class=\"page_item page-item-903\"><a href=\"http:\/\/lyc-mermoz-bourges.tice.ac-orleans-tours.fr\/php5\/vie-au-lycee\/association-sportive\/\">Association sportive<\/a><\/li>\n\t<li class=\"page_item page-item-900\"><a href=\"http:\/\/lyc-mermoz-bourges.tice.ac-orleans-tours.fr\/php5\/vie-au-lycee\/cdi\/\">CDI<\/a><\/li>\n\t<li class=\"page_item page-item-906\"><a href=\"http:\/\/lyc-mermoz-bourges.tice.ac-orleans-tours.fr\/php5\/vie-au-lycee\/infirmerie\/\">Infirmerie<\/a><\/li>\n\t<li class=\"page_item page-item-868\"><a href=\"http:\/\/lyc-mermoz-bourges.tice.ac-orleans-tours.fr\/php5\/vie-au-lycee\/conseillere-dorientation-psychologue\/\">Psychologue \u00c9ducation Nationale (ex Conseill\u00e8re d&rsquo;Orientation)<\/a><\/li>\n\t<li class=\"page_item page-item-1017\"><a href=\"http:\/\/lyc-mermoz-bourges.tice.ac-orleans-tours.fr\/php5\/vie-au-lycee\/sante\/\">Sant\u00e9<\/a><\/li>\n\t<li class=\"page_item page-item-1019\"><a href=\"http:\/\/lyc-mermoz-bourges.tice.ac-orleans-tours.fr\/php5\/vie-au-lycee\/securite\/\">S\u00e9curit\u00e9<\/a><\/li>\n\t<li class=\"page_item page-item-914\"><a href=\"http:\/\/lyc-mermoz-bourges.tice.ac-orleans-tours.fr\/php5\/vie-au-lycee\/vie-scolaire\/\">Vie scolaire<\/a><\/li>\n<\/ul>\n<\/li>\n<li class=\"page_item page-item-555\"><a href=\"http:\/\/lyc-mermoz-bourges.tice.ac-orleans-tours.fr\/php5\/sinscrire\/\">S&rsquo;inscrire au lyc\u00e9e Jean Mermoz<\/a><\/li>\n<li class=\"page_item page-item-865\"><a href=\"http:\/\/lyc-mermoz-bourges.tice.ac-orleans-tours.fr\/php5\/plan-du-site\/\">Plan du site<\/a><\/li>\n<\/ul>\n<h2 class=\"wsp-posts-title\">Articles par cat\u00e9gorie<\/h2>\n<ul class=\"wsp-posts-list\">\n\t<li><strong class=\"wsp-category-title\">Cat\u00e9gorie\u00a0: <a href=\"http:\/\/lyc-mermoz-bourges.tice.ac-orleans-tours.fr\/php5\/category\/projets-deleves\/\">Projets d&#039;\u00e9l\u00e8ves<\/a><\/strong>\n<ul class=\"wsp-posts-list\">\t\t<li class=\"wsp-post\"><a href=\"http:\/\/lyc-mermoz-bourges.tice.ac-orleans-tours.fr\/php5\/livraison-a-la-banque-alimentaire\/\">Livraison \u00e0 la Banque Alimentaire<\/a><\/li>\n\t\t<li class=\"wsp-post\"><a href=\"http:\/\/lyc-mermoz-bourges.tice.ac-orleans-tours.fr\/php5\/selection-je-filme-ma-formation-2025\/\">S\u00e9lection \u00a0\u00bb Je filme ma formation 2025&Prime;<\/a><\/li>\n\t\t<li class=\"wsp-post\"><a href=\"http:\/\/lyc-mermoz-bourges.tice.ac-orleans-tours.fr\/php5\/partenariat-avec-la-banque-alimentaire\/\">Partenariat avec la Banque Alimentaire<\/a><\/li>\n\t\t<li class=\"wsp-post\"><a href=\"http:\/\/lyc-mermoz-bourges.tice.ac-orleans-tours.fr\/php5\/chef-doeuvre-en-partenariat-avec-le-museum-de-bourges\/\">Chef d&rsquo;\u0153uvre en partenariat avec le Mus\u00e9um de Bourges<\/a><\/li>\n<\/ul><\/li>\n\t<li><strong class=\"wsp-category-title\">Cat\u00e9gorie\u00a0: <a href=\"http:\/\/lyc-mermoz-bourges.tice.ac-orleans-tours.fr\/php5\/category\/sorties-et-voyages\/\">Sorties et voyages<\/a><\/strong>\n<ul class=\"wsp-posts-list\">\t\t<li class=\"wsp-post\"><a href=\"http:\/\/lyc-mermoz-bourges.tice.ac-orleans-tours.fr\/php5\/village-securite-routiere\/\">Village s\u00e9curit\u00e9 routi\u00e8re<\/a><\/li>\n<\/ul><\/li>\n\t<li><strong class=\"wsp-category-title\">Cat\u00e9gorie\u00a0: <a href=\"http:\/\/lyc-mermoz-bourges.tice.ac-orleans-tours.fr\/php5\/category\/uncategorized\/\">Uncategorized<\/a><\/strong>\n<ul class=\"wsp-posts-list\">\t\t<li class=\"wsp-post\"><a href=\"http:\/\/lyc-mermoz-bourges.tice.ac-orleans-tours.fr\/php5\/fete-du-train-2025\/\">F\u00eate du Train 2025<\/a><\/li>\n\t\t<li class=\"wsp-post\"><a href=\"http:\/\/lyc-mermoz-bourges.tice.ac-orleans-tours.fr\/php5\/1495-2\/\">Journ\u00e9e portes ouvertes 2025<\/a><\/li>\n\t\t<li class=\"wsp-post\"><a href=\"http:\/\/lyc-mermoz-bourges.tice.ac-orleans-tours.fr\/php5\/ouverture-du-bts-gestion-des-transports-et-logistique-associee\/\">Ouverture du BTS Gestion des Transports et Logistique Associ\u00e9e<\/a><\/li>\n<\/ul><\/li>\n\t<li><strong class=\"wsp-category-title\">Cat\u00e9gorie\u00a0: <a href=\"http:\/\/lyc-mermoz-bourges.tice.ac-orleans-tours.fr\/php5\/category\/visites-et-evenements\/\">Visites et \u00e9v\u00e9nements<\/a><\/strong>\n<ul class=\"wsp-posts-list\">\t\t<li class=\"wsp-post\"><a href=\"http:\/\/lyc-mermoz-bourges.tice.ac-orleans-tours.fr\/php5\/job-dating-pour-les-eleves-de-terminale\/\">Job dating pour les \u00e9l\u00e8ves de terminale<\/a><\/li>\n\t\t<li class=\"wsp-post\"><a href=\"http:\/\/lyc-mermoz-bourges.tice.ac-orleans-tours.fr\/php5\/nuit-des-technos-2024\/\">Nuit des Technos 2024<\/a><\/li>\n\t\t<li class=\"wsp-post\"><a href=\"http:\/\/lyc-mermoz-bourges.tice.ac-orleans-tours.fr\/php5\/journee-portes-ouvertes-2024\/\">Journ\u00e9e portes ouvertes 2024<\/a><\/li>\n\t\t<li class=\"wsp-post\"><a href=\"http:\/\/lyc-mermoz-bourges.tice.ac-orleans-tours.fr\/php5\/rencontre-avec-le-club-de-basket-de-st-doulchard\/\">Rencontre avec le club de basket de St Doulchard<\/a><\/li>\n\t\t<li class=\"wsp-post\"><a href=\"http:\/\/lyc-mermoz-bourges.tice.ac-orleans-tours.fr\/php5\/classe-de-defense\/\">Premi\u00e8re rencontre de la classe de d\u00e9fense<\/a><\/li>\n\t\t<li class=\"wsp-post\"><a href=\"http:\/\/lyc-mermoz-bourges.tice.ac-orleans-tours.fr\/php5\/1405-2\/\">NUIT DES TECHNOS<\/a><\/li>\n\t\t<li class=\"wsp-post\"><a href=\"http:\/\/lyc-mermoz-bourges.tice.ac-orleans-tours.fr\/php5\/reouverture-de-la-maison-des-lyceens\/\">R\u00e9ouverture de la maison des lyc\u00e9ens<\/a><\/li>\n<\/ul><\/li>\n<\/ul>\n<\/div>\n","protected":false},"excerpt":{"rendered":"","protected":false},"author":1,"featured_media":0,"parent":0,"menu_order":10,"comment_status":"closed","ping_status":"closed","template":"","meta":[],"acf":[],"yoast_head":"<!-- This site is optimized with the Yoast SEO plugin v18.4 - https:\/\/yoast.com\/wordpress\/plugins\/seo\/ -->\n<title>Plan du site - Lyc\u00e9e professionnel des m\u00e9tiers Jean-Mermoz-Bourges<\/title>\n<meta name=\"description\" content=\"Plan du site internet du Lyc\u00e9e Jean-Mermoz-Bourges\" \/>\n<meta name=\"robots\" content=\"index, follow, max-snippet:-1, max-image-preview:large, max-video-preview:-1\" \/>\n<link rel=\"canonical\" href=\"http:\/\/lyc-mermoz-bourges.tice.ac-orleans-tours.fr\/php5\/plan-du-site\/\" \/>\n<meta property=\"og:locale\" content=\"fr_FR\" \/>\n<meta property=\"og:type\" content=\"article\" \/>\n<meta property=\"og:title\" content=\"Plan du site - Lyc\u00e9e professionnel des m\u00e9tiers Jean-Mermoz-Bourges\" \/>\n<meta property=\"og:description\" content=\"Plan du site internet du Lyc\u00e9e Jean-Mermoz-Bourges\" \/>\n<meta property=\"og:url\" content=\"http:\/\/lyc-mermoz-bourges.tice.ac-orleans-tours.fr\/php5\/plan-du-site\/\" \/>\n<meta property=\"og:site_name\" content=\"Lyc\u00e9e professionnel des M\u00e9tiers Jean MERMOZ\" \/>\n<meta property=\"article:publisher\" content=\"https:\/\/www.facebook.com\/LyceeJeanMermozBourges\/\" \/>\n<meta property=\"article:modified_time\" content=\"2022-11-29T16:15:07+00:00\" \/>\n<meta name=\"twitter:card\" content=\"summary_large_image\" \/>\n<script type=\"application\/ld+json\" class=\"yoast-schema-graph\">{\"@context\":\"https:\/\/schema.org\",\"@graph\":[{\"@type\":\"Organization\",\"@id\":\"http:\/\/lyc-mermoz-bourges.tice.ac-orleans-tours.fr\/php5\/#organization\",\"name\":\"Lyc\u00e9e Jean Mermoz\",\"url\":\"http:\/\/lyc-mermoz-bourges.tice.ac-orleans-tours.fr\/php5\/\",\"sameAs\":[\"https:\/\/www.facebook.com\/LyceeJeanMermozBourges\/\"],\"logo\":{\"@type\":\"ImageObject\",\"@id\":\"http:\/\/lyc-mermoz-bourges.tice.ac-orleans-tours.fr\/php5\/#logo\",\"inLanguage\":\"fr-FR\",\"url\":\"http:\/\/lyc-mermoz-bourges.tice.ac-orleans-tours.fr\/php5\/wp-content\/uploads\/2021\/05\/lycee-jean-mermoz.jpg\",\"contentUrl\":\"http:\/\/lyc-mermoz-bourges.tice.ac-orleans-tours.fr\/php5\/wp-content\/uploads\/2021\/05\/lycee-jean-mermoz.jpg\",\"width\":200,\"height\":153,\"caption\":\"Lyc\u00e9e Jean Mermoz\"},\"image\":{\"@id\":\"http:\/\/lyc-mermoz-bourges.tice.ac-orleans-tours.fr\/php5\/#logo\"}},{\"@type\":\"WebSite\",\"@id\":\"http:\/\/lyc-mermoz-bourges.tice.ac-orleans-tours.fr\/php5\/#website\",\"url\":\"http:\/\/lyc-mermoz-bourges.tice.ac-orleans-tours.fr\/php5\/\",\"name\":\"Lyc\u00e9e professionnel des M\u00e9tiers Jean MERMOZ\",\"description\":\"Lyc\u00e9e des M\u00e9tiers de l\u2019industrie, du tertiaire et de l\u2019aide \u00e0 la personne\",\"publisher\":{\"@id\":\"http:\/\/lyc-mermoz-bourges.tice.ac-orleans-tours.fr\/php5\/#organization\"},\"potentialAction\":[{\"@type\":\"SearchAction\",\"target\":{\"@type\":\"EntryPoint\",\"urlTemplate\":\"http:\/\/lyc-mermoz-bourges.tice.ac-orleans-tours.fr\/php5\/?s={search_term_string}\"},\"query-input\":\"required name=search_term_string\"}],\"inLanguage\":\"fr-FR\"},{\"@type\":\"WebPage\",\"@id\":\"http:\/\/lyc-mermoz-bourges.tice.ac-orleans-tours.fr\/php5\/plan-du-site\/#webpage\",\"url\":\"http:\/\/lyc-mermoz-bourges.tice.ac-orleans-tours.fr\/php5\/plan-du-site\/\",\"name\":\"Plan du site - Lyc\u00e9e professionnel des m\u00e9tiers Jean-Mermoz-Bourges\",\"isPartOf\":{\"@id\":\"http:\/\/lyc-mermoz-bourges.tice.ac-orleans-tours.fr\/php5\/#website\"},\"datePublished\":\"2022-02-07T14:34:59+00:00\",\"dateModified\":\"2022-11-29T16:15:07+00:00\",\"description\":\"Plan du site internet du Lyc\u00e9e Jean-Mermoz-Bourges\",\"breadcrumb\":{\"@id\":\"http:\/\/lyc-mermoz-bourges.tice.ac-orleans-tours.fr\/php5\/plan-du-site\/#breadcrumb\"},\"inLanguage\":\"fr-FR\",\"potentialAction\":[{\"@type\":\"ReadAction\",\"target\":[\"http:\/\/lyc-mermoz-bourges.tice.ac-orleans-tours.fr\/php5\/plan-du-site\/\"]}]},{\"@type\":\"BreadcrumbList\",\"@id\":\"http:\/\/lyc-mermoz-bourges.tice.ac-orleans-tours.fr\/php5\/plan-du-site\/#breadcrumb\",\"itemListElement\":[{\"@type\":\"ListItem\",\"position\":1,\"name\":\"Accueil\",\"item\":\"http:\/\/lyc-mermoz-bourges.tice.ac-orleans-tours.fr\/php5\/\"},{\"@type\":\"ListItem\",\"position\":2,\"name\":\"Plan du site\"}]}]}<\/script>\n<!-- \/ Yoast SEO plugin. -->","yoast_head_json":{"title":"Plan du site - Lyc\u00e9e professionnel des m\u00e9tiers Jean-Mermoz-Bourges","description":"Plan du site internet du Lyc\u00e9e Jean-Mermoz-Bourges","robots":{"index":"index","follow":"follow","max-snippet":"max-snippet:-1","max-image-preview":"max-image-preview:large","max-video-preview":"max-video-preview:-1"},"canonical":"http:\/\/lyc-mermoz-bourges.tice.ac-orleans-tours.fr\/php5\/plan-du-site\/","og_locale":"fr_FR","og_type":"article","og_title":"Plan du site - Lyc\u00e9e professionnel des m\u00e9tiers Jean-Mermoz-Bourges","og_description":"Plan du site internet du Lyc\u00e9e Jean-Mermoz-Bourges","og_url":"http:\/\/lyc-mermoz-bourges.tice.ac-orleans-tours.fr\/php5\/plan-du-site\/","og_site_name":"Lyc\u00e9e professionnel des M\u00e9tiers Jean MERMOZ","article_publisher":"https:\/\/www.facebook.com\/LyceeJeanMermozBourges\/","article_modified_time":"2022-11-29T16:15:07+00:00","twitter_card":"summary_large_image","schema":{"@context":"https:\/\/schema.org","@graph":[{"@type":"Organization","@id":"http:\/\/lyc-mermoz-bourges.tice.ac-orleans-tours.fr\/php5\/#organization","name":"Lyc\u00e9e Jean Mermoz","url":"http:\/\/lyc-mermoz-bourges.tice.ac-orleans-tours.fr\/php5\/","sameAs":["https:\/\/www.facebook.com\/LyceeJeanMermozBourges\/"],"logo":{"@type":"ImageObject","@id":"http:\/\/lyc-mermoz-bourges.tice.ac-orleans-tours.fr\/php5\/#logo","inLanguage":"fr-FR","url":"http:\/\/lyc-mermoz-bourges.tice.ac-orleans-tours.fr\/php5\/wp-content\/uploads\/2021\/05\/lycee-jean-mermoz.jpg","contentUrl":"http:\/\/lyc-mermoz-bourges.tice.ac-orleans-tours.fr\/php5\/wp-content\/uploads\/2021\/05\/lycee-jean-mermoz.jpg","width":200,"height":153,"caption":"Lyc\u00e9e Jean Mermoz"},"image":{"@id":"http:\/\/lyc-mermoz-bourges.tice.ac-orleans-tours.fr\/php5\/#logo"}},{"@type":"WebSite","@id":"http:\/\/lyc-mermoz-bourges.tice.ac-orleans-tours.fr\/php5\/#website","url":"http:\/\/lyc-mermoz-bourges.tice.ac-orleans-tours.fr\/php5\/","name":"Lyc\u00e9e professionnel des M\u00e9tiers Jean MERMOZ","description":"Lyc\u00e9e des M\u00e9tiers de l\u2019industrie, du tertiaire et de l\u2019aide \u00e0 la personne","publisher":{"@id":"http:\/\/lyc-mermoz-bourges.tice.ac-orleans-tours.fr\/php5\/#organization"},"potentialAction":[{"@type":"SearchAction","target":{"@type":"EntryPoint","urlTemplate":"http:\/\/lyc-mermoz-bourges.tice.ac-orleans-tours.fr\/php5\/?s={search_term_string}"},"query-input":"required name=search_term_string"}],"inLanguage":"fr-FR"},{"@type":"WebPage","@id":"http:\/\/lyc-mermoz-bourges.tice.ac-orleans-tours.fr\/php5\/plan-du-site\/#webpage","url":"http:\/\/lyc-mermoz-bourges.tice.ac-orleans-tours.fr\/php5\/plan-du-site\/","name":"Plan du site - Lyc\u00e9e professionnel des m\u00e9tiers Jean-Mermoz-Bourges","isPartOf":{"@id":"http:\/\/lyc-mermoz-bourges.tice.ac-orleans-tours.fr\/php5\/#website"},"datePublished":"2022-02-07T14:34:59+00:00","dateModified":"2022-11-29T16:15:07+00:00","description":"Plan du site internet du Lyc\u00e9e Jean-Mermoz-Bourges","breadcrumb":{"@id":"http:\/\/lyc-mermoz-bourges.tice.ac-orleans-tours.fr\/php5\/plan-du-site\/#breadcrumb"},"inLanguage":"fr-FR","potentialAction":[{"@type":"ReadAction","target":["http:\/\/lyc-mermoz-bourges.tice.ac-orleans-tours.fr\/php5\/plan-du-site\/"]}]},{"@type":"BreadcrumbList","@id":"http:\/\/lyc-mermoz-bourges.tice.ac-orleans-tours.fr\/php5\/plan-du-site\/#breadcrumb","itemListElement":[{"@type":"ListItem","position":1,"name":"Accueil","item":"http:\/\/lyc-mermoz-bourges.tice.ac-orleans-tours.fr\/php5\/"},{"@type":"ListItem","position":2,"name":"Plan du site"}]}]}},"_links":{"self":[{"href":"http:\/\/lyc-mermoz-bourges.tice.ac-orleans-tours.fr\/php5\/wp-json\/wp\/v2\/pages\/865"}],"collection":[{"href":"http:\/\/lyc-mermoz-bourges.tice.ac-orleans-tours.fr\/php5\/wp-json\/wp\/v2\/pages"}],"about":[{"href":"http:\/\/lyc-mermoz-bourges.tice.ac-orleans-tours.fr\/php5\/wp-json\/wp\/v2\/types\/page"}],"author":[{"embeddable":true,"href":"http:\/\/lyc-mermoz-bourges.tice.ac-orleans-tours.fr\/php5\/wp-json\/wp\/v2\/users\/1"}],"replies":[{"embeddable":true,"href":"http:\/\/lyc-mermoz-bourges.tice.ac-orleans-tours.fr\/php5\/wp-json\/wp\/v2\/comments?post=865"}],"version-history":[{"count":0,"href":"http:\/\/lyc-mermoz-bourges.tice.ac-orleans-tours.fr\/php5\/wp-json\/wp\/v2\/pages\/865\/revisions"}],"wp:attachment":[{"href":"http:\/\/lyc-mermoz-bourges.tice.ac-orleans-tours.fr\/php5\/wp-json\/wp\/v2\/media?parent=865"}],"curies":[{"name":"wp","href":"https:\/\/api.w.org\/{rel}","templated":true}]}}