{"id":900,"date":"2022-04-25T16:08:31","date_gmt":"2022-04-25T16:08:31","guid":{"rendered":"http:\/\/lyc-mermoz-bourges.tice.ac-orleans-tours.fr\/php5\/?page_id=900"},"modified":"2022-12-15T11:05:29","modified_gmt":"2022-12-15T11:05:29","slug":"cdi","status":"publish","type":"page","link":"http:\/\/lyc-mermoz-bourges.tice.ac-orleans-tours.fr\/php5\/vie-au-lycee\/cdi\/","title":{"rendered":"CDI"},"content":{"rendered":"","protected":false},"excerpt":{"rendered":"","protected":false},"author":1,"featured_media":0,"parent":1005,"menu_order":0,"comment_status":"closed","ping_status":"closed","template":"template-builder.php","meta":[],"acf":[],"yoast_head":"<!-- This site is optimized with the Yoast SEO plugin v18.4 - https:\/\/yoast.com\/wordpress\/plugins\/seo\/ -->\n<title>CDI - Lyc\u00e9e professionnel des m\u00e9tiers Jean-Mermoz-Bourges<\/title>\n<meta name=\"description\" content=\"Ouvert \u00e0 tous les \u00e9l\u00e8ves et les personnels, le CDI est un lieu central d\u2019\u00e9tude et de documentation ax\u00e9 sur la culture.\" \/>\n<meta name=\"robots\" content=\"index, follow, max-snippet:-1, max-image-preview:large, max-video-preview:-1\" \/>\n<link rel=\"canonical\" href=\"http:\/\/lyc-mermoz-bourges.tice.ac-orleans-tours.fr\/php5\/vie-au-lycee\/cdi\/\" \/>\n<meta property=\"og:locale\" content=\"fr_FR\" \/>\n<meta property=\"og:type\" content=\"article\" \/>\n<meta property=\"og:title\" content=\"CDI - Lyc\u00e9e professionnel des m\u00e9tiers Jean-Mermoz-Bourges\" \/>\n<meta property=\"og:description\" content=\"Ouvert \u00e0 tous les \u00e9l\u00e8ves et les personnels, le CDI est un lieu central d\u2019\u00e9tude et de documentation ax\u00e9 sur la culture.\" \/>\n<meta property=\"og:url\" content=\"http:\/\/lyc-mermoz-bourges.tice.ac-orleans-tours.fr\/php5\/vie-au-lycee\/cdi\/\" \/>\n<meta property=\"og:site_name\" content=\"Lyc\u00e9e professionnel des M\u00e9tiers Jean MERMOZ\" \/>\n<meta property=\"article:publisher\" content=\"https:\/\/www.facebook.com\/LyceeJeanMermozBourges\/\" \/>\n<meta property=\"article:modified_time\" content=\"2022-12-15T11:05:29+00:00\" \/>\n<meta name=\"twitter:card\" content=\"summary_large_image\" \/>\n<script type=\"application\/ld+json\" class=\"yoast-schema-graph\">{\"@context\":\"https:\/\/schema.org\",\"@graph\":[{\"@type\":\"Organization\",\"@id\":\"http:\/\/lyc-mermoz-bourges.tice.ac-orleans-tours.fr\/php5\/#organization\",\"name\":\"Lyc\u00e9e Jean Mermoz\",\"url\":\"http:\/\/lyc-mermoz-bourges.tice.ac-orleans-tours.fr\/php5\/\",\"sameAs\":[\"https:\/\/www.facebook.com\/LyceeJeanMermozBourges\/\"],\"logo\":{\"@type\":\"ImageObject\",\"@id\":\"http:\/\/lyc-mermoz-bourges.tice.ac-orleans-tours.fr\/php5\/#logo\",\"inLanguage\":\"fr-FR\",\"url\":\"http:\/\/lyc-mermoz-bourges.tice.ac-orleans-tours.fr\/php5\/wp-content\/uploads\/2021\/05\/lycee-jean-mermoz.jpg\",\"contentUrl\":\"http:\/\/lyc-mermoz-bourges.tice.ac-orleans-tours.fr\/php5\/wp-content\/uploads\/2021\/05\/lycee-jean-mermoz.jpg\",\"width\":200,\"height\":153,\"caption\":\"Lyc\u00e9e Jean Mermoz\"},\"image\":{\"@id\":\"http:\/\/lyc-mermoz-bourges.tice.ac-orleans-tours.fr\/php5\/#logo\"}},{\"@type\":\"WebSite\",\"@id\":\"http:\/\/lyc-mermoz-bourges.tice.ac-orleans-tours.fr\/php5\/#website\",\"url\":\"http:\/\/lyc-mermoz-bourges.tice.ac-orleans-tours.fr\/php5\/\",\"name\":\"Lyc\u00e9e professionnel des M\u00e9tiers Jean MERMOZ\",\"description\":\"Lyc\u00e9e des M\u00e9tiers de l\u2019industrie, du tertiaire et de l\u2019aide \u00e0 la personne\",\"publisher\":{\"@id\":\"http:\/\/lyc-mermoz-bourges.tice.ac-orleans-tours.fr\/php5\/#organization\"},\"potentialAction\":[{\"@type\":\"SearchAction\",\"target\":{\"@type\":\"EntryPoint\",\"urlTemplate\":\"http:\/\/lyc-mermoz-bourges.tice.ac-orleans-tours.fr\/php5\/?s={search_term_string}\"},\"query-input\":\"required name=search_term_string\"}],\"inLanguage\":\"fr-FR\"},{\"@type\":\"WebPage\",\"@id\":\"http:\/\/lyc-mermoz-bourges.tice.ac-orleans-tours.fr\/php5\/vie-au-lycee\/cdi\/#webpage\",\"url\":\"http:\/\/lyc-mermoz-bourges.tice.ac-orleans-tours.fr\/php5\/vie-au-lycee\/cdi\/\",\"name\":\"CDI - Lyc\u00e9e professionnel des m\u00e9tiers Jean-Mermoz-Bourges\",\"isPartOf\":{\"@id\":\"http:\/\/lyc-mermoz-bourges.tice.ac-orleans-tours.fr\/php5\/#website\"},\"datePublished\":\"2022-04-25T16:08:31+00:00\",\"dateModified\":\"2022-12-15T11:05:29+00:00\",\"description\":\"Ouvert \u00e0 tous les \u00e9l\u00e8ves et les personnels, le CDI est un lieu central d\u2019\u00e9tude et de documentation ax\u00e9 sur la culture.\",\"breadcrumb\":{\"@id\":\"http:\/\/lyc-mermoz-bourges.tice.ac-orleans-tours.fr\/php5\/vie-au-lycee\/cdi\/#breadcrumb\"},\"inLanguage\":\"fr-FR\",\"potentialAction\":[{\"@type\":\"ReadAction\",\"target\":[\"http:\/\/lyc-mermoz-bourges.tice.ac-orleans-tours.fr\/php5\/vie-au-lycee\/cdi\/\"]}]},{\"@type\":\"BreadcrumbList\",\"@id\":\"http:\/\/lyc-mermoz-bourges.tice.ac-orleans-tours.fr\/php5\/vie-au-lycee\/cdi\/#breadcrumb\",\"itemListElement\":[{\"@type\":\"ListItem\",\"position\":1,\"name\":\"Accueil\",\"item\":\"http:\/\/lyc-mermoz-bourges.tice.ac-orleans-tours.fr\/php5\/\"},{\"@type\":\"ListItem\",\"position\":2,\"name\":\"Vie au lyc\u00e9e\",\"item\":\"http:\/\/lyc-mermoz-bourges.tice.ac-orleans-tours.fr\/php5\/vie-au-lycee\/\"},{\"@type\":\"ListItem\",\"position\":3,\"name\":\"CDI\"}]}]}<\/script>\n<!-- \/ Yoast SEO plugin. -->","yoast_head_json":{"title":"CDI - Lyc\u00e9e professionnel des m\u00e9tiers Jean-Mermoz-Bourges","description":"Ouvert \u00e0 tous les \u00e9l\u00e8ves et les personnels, le CDI est un lieu central d\u2019\u00e9tude et de documentation ax\u00e9 sur la culture.","robots":{"index":"index","follow":"follow","max-snippet":"max-snippet:-1","max-image-preview":"max-image-preview:large","max-video-preview":"max-video-preview:-1"},"canonical":"http:\/\/lyc-mermoz-bourges.tice.ac-orleans-tours.fr\/php5\/vie-au-lycee\/cdi\/","og_locale":"fr_FR","og_type":"article","og_title":"CDI - Lyc\u00e9e professionnel des m\u00e9tiers Jean-Mermoz-Bourges","og_description":"Ouvert \u00e0 tous les \u00e9l\u00e8ves et les personnels, le CDI est un lieu central d\u2019\u00e9tude et de documentation ax\u00e9 sur la culture.","og_url":"http:\/\/lyc-mermoz-bourges.tice.ac-orleans-tours.fr\/php5\/vie-au-lycee\/cdi\/","og_site_name":"Lyc\u00e9e professionnel des M\u00e9tiers Jean MERMOZ","article_publisher":"https:\/\/www.facebook.com\/LyceeJeanMermozBourges\/","article_modified_time":"2022-12-15T11:05:29+00:00","twitter_card":"summary_large_image","schema":{"@context":"https:\/\/schema.org","@graph":[{"@type":"Organization","@id":"http:\/\/lyc-mermoz-bourges.tice.ac-orleans-tours.fr\/php5\/#organization","name":"Lyc\u00e9e Jean Mermoz","url":"http:\/\/lyc-mermoz-bourges.tice.ac-orleans-tours.fr\/php5\/","sameAs":["https:\/\/www.facebook.com\/LyceeJeanMermozBourges\/"],"logo":{"@type":"ImageObject","@id":"http:\/\/lyc-mermoz-bourges.tice.ac-orleans-tours.fr\/php5\/#logo","inLanguage":"fr-FR","url":"http:\/\/lyc-mermoz-bourges.tice.ac-orleans-tours.fr\/php5\/wp-content\/uploads\/2021\/05\/lycee-jean-mermoz.jpg","contentUrl":"http:\/\/lyc-mermoz-bourges.tice.ac-orleans-tours.fr\/php5\/wp-content\/uploads\/2021\/05\/lycee-jean-mermoz.jpg","width":200,"height":153,"caption":"Lyc\u00e9e Jean Mermoz"},"image":{"@id":"http:\/\/lyc-mermoz-bourges.tice.ac-orleans-tours.fr\/php5\/#logo"}},{"@type":"WebSite","@id":"http:\/\/lyc-mermoz-bourges.tice.ac-orleans-tours.fr\/php5\/#website","url":"http:\/\/lyc-mermoz-bourges.tice.ac-orleans-tours.fr\/php5\/","name":"Lyc\u00e9e professionnel des M\u00e9tiers Jean MERMOZ","description":"Lyc\u00e9e des M\u00e9tiers de l\u2019industrie, du tertiaire et de l\u2019aide \u00e0 la personne","publisher":{"@id":"http:\/\/lyc-mermoz-bourges.tice.ac-orleans-tours.fr\/php5\/#organization"},"potentialAction":[{"@type":"SearchAction","target":{"@type":"EntryPoint","urlTemplate":"http:\/\/lyc-mermoz-bourges.tice.ac-orleans-tours.fr\/php5\/?s={search_term_string}"},"query-input":"required name=search_term_string"}],"inLanguage":"fr-FR"},{"@type":"WebPage","@id":"http:\/\/lyc-mermoz-bourges.tice.ac-orleans-tours.fr\/php5\/vie-au-lycee\/cdi\/#webpage","url":"http:\/\/lyc-mermoz-bourges.tice.ac-orleans-tours.fr\/php5\/vie-au-lycee\/cdi\/","name":"CDI - Lyc\u00e9e professionnel des m\u00e9tiers Jean-Mermoz-Bourges","isPartOf":{"@id":"http:\/\/lyc-mermoz-bourges.tice.ac-orleans-tours.fr\/php5\/#website"},"datePublished":"2022-04-25T16:08:31+00:00","dateModified":"2022-12-15T11:05:29+00:00","description":"Ouvert \u00e0 tous les \u00e9l\u00e8ves et les personnels, le CDI est un lieu central d\u2019\u00e9tude et de documentation ax\u00e9 sur la culture.","breadcrumb":{"@id":"http:\/\/lyc-mermoz-bourges.tice.ac-orleans-tours.fr\/php5\/vie-au-lycee\/cdi\/#breadcrumb"},"inLanguage":"fr-FR","potentialAction":[{"@type":"ReadAction","target":["http:\/\/lyc-mermoz-bourges.tice.ac-orleans-tours.fr\/php5\/vie-au-lycee\/cdi\/"]}]},{"@type":"BreadcrumbList","@id":"http:\/\/lyc-mermoz-bourges.tice.ac-orleans-tours.fr\/php5\/vie-au-lycee\/cdi\/#breadcrumb","itemListElement":[{"@type":"ListItem","position":1,"name":"Accueil","item":"http:\/\/lyc-mermoz-bourges.tice.ac-orleans-tours.fr\/php5\/"},{"@type":"ListItem","position":2,"name":"Vie au lyc\u00e9e","item":"http:\/\/lyc-mermoz-bourges.tice.ac-orleans-tours.fr\/php5\/vie-au-lycee\/"},{"@type":"ListItem","position":3,"name":"CDI"}]}]}},"_links":{"self":[{"href":"http:\/\/lyc-mermoz-bourges.tice.ac-orleans-tours.fr\/php5\/wp-json\/wp\/v2\/pages\/900"}],"collection":[{"href":"http:\/\/lyc-mermoz-bourges.tice.ac-orleans-tours.fr\/php5\/wp-json\/wp\/v2\/pages"}],"about":[{"href":"http:\/\/lyc-mermoz-bourges.tice.ac-orleans-tours.fr\/php5\/wp-json\/wp\/v2\/types\/page"}],"author":[{"embeddable":true,"href":"http:\/\/lyc-mermoz-bourges.tice.ac-orleans-tours.fr\/php5\/wp-json\/wp\/v2\/users\/1"}],"replies":[{"embeddable":true,"href":"http:\/\/lyc-mermoz-bourges.tice.ac-orleans-tours.fr\/php5\/wp-json\/wp\/v2\/comments?post=900"}],"version-history":[{"count":0,"href":"http:\/\/lyc-mermoz-bourges.tice.ac-orleans-tours.fr\/php5\/wp-json\/wp\/v2\/pages\/900\/revisions"}],"up":[{"embeddable":true,"href":"http:\/\/lyc-mermoz-bourges.tice.ac-orleans-tours.fr\/php5\/wp-json\/wp\/v2\/pages\/1005"}],"wp:attachment":[{"href":"http:\/\/lyc-mermoz-bourges.tice.ac-orleans-tours.fr\/php5\/wp-json\/wp\/v2\/media?parent=900"}],"curies":[{"name":"wp","href":"https:\/\/api.w.org\/{rel}","templated":true}]}}